{"id":81,"date":"2024-05-21T12:03:53","date_gmt":"2024-05-21T10:03:53","guid":{"rendered":"https:\/\/pochodzeniemaznaczenie.pl\/?page_id=81"},"modified":"2024-05-22T02:06:19","modified_gmt":"2024-05-22T00:06:19","slug":"dlaczego-drob-spoza-ue-moze-byc-niebezpieczny-dla-naszego-zdrowia","status":"publish","type":"page","link":"https:\/\/pochodzeniemaznaczenie.drobiarze.pl\/index.php\/dlaczego-drob-spoza-ue-moze-byc-niebezpieczny-dla-naszego-zdrowia\/","title":{"rendered":"Dlaczego dr\u00f3b spoza UE mo\u017ce by\u0107 niebezpieczny dla naszego zdrowia:"},"content":{"rendered":"\n<p class=\"has-white-color has-vivid-red-background-color has-text-color has-background has-link-color wp-elements-571a6baf9e8ab58ea293cfdc6bb09688\"><strong>Istnieje kilka czynnik\u00f3w, kt\u00f3re mog\u0105 wp\u0142yn\u0105\u0107 na bezpiecze\u0144stwo mi\u0119sa drobiowego pochodz\u0105cego spoza UE:<\/strong><\/p>\n\n\n\n<div style=\"height:20px\" aria-hidden=\"true\" class=\"wp-block-spacer\"><\/div>\n\n\n\n<h2 class=\"wp-block-heading\"><strong>Brak zgodno\u015bci z europejskimi standardami:<\/strong><\/h2>\n\n\n\n<p>Nie wszystkie zak\u0142ady mi\u0119sne spe\u0142niaj\u0105 wymagania stawiane przez kraje Unii Europejskiej. Mo\u017ce to prowadzi\u0107 do wprowadzania na rynek produkt\u00f3w, kt\u00f3re nie spe\u0142niaj\u0105 europejskich norm bezpiecze\u0144stwa \u017cywno\u015bci.<\/p>\n\n\n\n<h2 class=\"wp-block-heading\"><strong>Nadu\u017cywanie substancji chemicznych:<\/strong><\/h2>\n\n\n\n<p>Zak\u0142ady mi\u0119sne, funkcjonuj\u0105ce poza granicami UE, mog\u0105 stosowa\u0107 substancje chemiczne, takie jak np. antybiotyki, w spos\u00f3b nieprawid\u0142owy. To mo\u017ce prowadzi\u0107 do przekroczenia norm dotycz\u0105cych pozosta\u0142o\u015bci tych substancji w mi\u0119sie, co z kolei mo\u017ce mie\u0107 negatywny wp\u0142yw na zdrowie konsument\u00f3w.<\/p>\n\n\n\n<h2 class=\"wp-block-heading\"><strong>Problemy z kontrol\u0105 jako\u015bci:<\/strong><\/h2>\n\n\n\n<p>Niekt\u00f3re raporty sugeruj\u0105, \u017ce organy odpowiedzialne za kontrol\u0119 jako\u015bci i bezpiecze\u0144stwo \u017cywno\u015bci mog\u0105 mie\u0107 problemy z nadzorem nad produkcj\u0105 mi\u0119sa drobiowego. Niedostateczne lub nieskuteczne kontrole mog\u0105 prowadzi\u0107 do wprowadzania na rynek produkt\u00f3w zanieczyszczonych lub niebezpiecznych dla zdrowia.<\/p>\n\n\n\n<h2 class=\"wp-block-heading\"><strong>Warunki hodowli i hodowli zwierz\u0105t:<\/strong><\/h2>\n\n\n\n<p>Zak\u0142ady hodowli drobiu spoza UE, mog\u0105 nie zapewnia\u0107 odpowiednich warunk\u00f3w hodowli, co mo\u017ce prowadzi\u0107 do z\u0142ych warunk\u00f3w sanitarnych i zdrowotnych dla zwierz\u0105t. To z kolei mo\u017ce negatywnie wp\u0142ywa\u0107 na jako\u015b\u0107 mi\u0119sa i jego bezpiecze\u0144stwo.<\/p>\n\n\n\n<p>Dlatego istnieje potencjalne ryzyko, \u017ce mi\u0119so drobiowe importowane z kraj\u00f3w spoza Wsp\u00f3lnoty (w tym tak\u017ce z Ukrainy), mo\u017ce by\u0107 mniej bezpieczne dla zdrowia, w por\u00f3wnaniu z produktem krajowym lub wytwarzanym w innym kraju cz\u0142onkowskim.<\/p>\n","protected":false},"excerpt":{"rendered":"<p>Istnieje kilka czynnik\u00f3w, kt\u00f3re mog\u0105 wp\u0142yn\u0105\u0107 na bezpiecze\u0144stwo mi\u0119sa drobiowego pochodz\u0105cego spoza UE: Brak zgodno\u015bci z europejskimi standardami: Nie wszystkie zak\u0142ady mi\u0119sne spe\u0142niaj\u0105 wymagania stawiane przez kraje Unii Europejskiej. Mo\u017ce to prowadzi\u0107 do wprowadzania na rynek produkt\u00f3w, kt\u00f3re nie spe\u0142niaj\u0105 europejskich norm bezpiecze\u0144stwa \u017cywno\u015bci. Nadu\u017cywanie substancji chemicznych: Zak\u0142ady mi\u0119sne, funkcjonuj\u0105ce poza granicami UE, mog\u0105 stosowa\u0107 [&hellip;]<\/p>\n","protected":false},"author":1,"featured_media":0,"parent":0,"menu_order":0,"comment_status":"closed","ping_status":"closed","template":"","meta":{"footnotes":""},"aioseo_notices":[],"_links":{"self":[{"href":"https:\/\/pochodzeniemaznaczenie.drobiarze.pl\/index.php\/wp-json\/wp\/v2\/pages\/81"}],"collection":[{"href":"https:\/\/pochodzeniemaznaczenie.drobiarze.pl\/index.php\/wp-json\/wp\/v2\/pages"}],"about":[{"href":"https:\/\/pochodzeniemaznaczenie.drobiarze.pl\/index.php\/wp-json\/wp\/v2\/types\/page"}],"author":[{"embeddable":true,"href":"https:\/\/pochodzeniemaznaczenie.drobiarze.pl\/index.php\/wp-json\/wp\/v2\/users\/1"}],"replies":[{"embeddable":true,"href":"https:\/\/pochodzeniemaznaczenie.drobiarze.pl\/index.php\/wp-json\/wp\/v2\/comments?post=81"}],"version-history":[{"count":5,"href":"https:\/\/pochodzeniemaznaczenie.drobiarze.pl\/index.php\/wp-json\/wp\/v2\/pages\/81\/revisions"}],"predecessor-version":[{"id":321,"href":"https:\/\/pochodzeniemaznaczenie.drobiarze.pl\/index.php\/wp-json\/wp\/v2\/pages\/81\/revisions\/321"}],"wp:attachment":[{"href":"https:\/\/pochodzeniemaznaczenie.drobiarze.pl\/index.php\/wp-json\/wp\/v2\/media?parent=81"}],"curies":[{"name":"wp","href":"https:\/\/api.w.org\/{rel}","templated":true}]}}