{"id":79,"date":"2024-05-21T12:03:20","date_gmt":"2024-05-21T10:03:20","guid":{"rendered":"https:\/\/pochodzeniemaznaczenie.pl\/?page_id=79"},"modified":"2024-05-22T01:58:43","modified_gmt":"2024-05-21T23:58:43","slug":"walory-prozdrowotne-polskiego-drobiu","status":"publish","type":"page","link":"https:\/\/pochodzeniemaznaczenie.drobiarze.pl\/index.php\/walory-prozdrowotne-polskiego-drobiu\/","title":{"rendered":"Walory prozdrowotne polskiego drobiu"},"content":{"rendered":"\n<p class=\"has-white-color has-vivid-red-background-color has-text-color has-background has-link-color wp-elements-7ce23415105e7d0268df3a329b37b220\"><strong>Polskie mi\u0119so drobiowe jest cenione nie tylko za swoj\u0105 wyj\u0105tkow\u0105 jako\u015b\u0107 i smak, ale tak\u017ce za<br>swoje liczne walory prozdrowotne.<\/strong><\/p>\n\n\n\n<p>Oto kilka kluczowych korzy\u015bci zdrowotnych p\u0142yn\u0105cych ze spo\u017cywania polskiego drobiu:<\/p>\n\n\n\n<h2 class=\"wp-block-heading\"><strong>Niski poziom t\u0142uszczu<\/strong><\/h2>\n\n\n\n<p>Mi\u0119so drobiowe charakteryzuje si\u0119 stosunkowo nisk\u0105 zawarto\u015bci\u0105 t\u0142uszczu w por\u00f3wnaniu do mi\u0119s czerwonych, co czyni je atrakcyjnym wyborem dla os\u00f3b dbaj\u0105cych o zdrowe serce i smuk\u0142\u0105 sylwetk\u0119.<\/p>\n\n\n\n<h2 class=\"wp-block-heading\"><strong>Wysoka zawarto\u015b\u0107 bia\u0142ka<\/strong><\/h2>\n\n\n\n<p>Mi\u0119so drobiowe jest bogatym \u017ar\u00f3d\u0142em wysokiej jako\u015bci bia\u0142ka, niezb\u0119dnego do budowy i naprawy tkanek w organizmie. Spo\u017cywanie odpowiedniej ilo\u015bci bia\u0142ka mo\u017ce wspomaga\u0107 utrzymanie prawid\u0142owej masy mi\u0119\u015bniowej i zapewnia uczucie syto\u015bci na d\u0142u\u017cej.<\/p>\n\n\n\n<div style=\"height:15px\" aria-hidden=\"true\" class=\"wp-block-spacer\"><\/div>\n\n\n\n<figure class=\"wp-block-image size-full\"><img fetchpriority=\"high\" decoding=\"async\" width=\"1600\" height=\"600\" src=\"https:\/\/pochodzeniemaznaczenie.pl\/wp-content\/uploads\/2024\/05\/foto-6.jpg\" alt=\"\" class=\"wp-image-312\" srcset=\"https:\/\/pochodzeniemaznaczenie.drobiarze.pl\/wp-content\/uploads\/2024\/05\/foto-6.jpg 1600w, https:\/\/pochodzeniemaznaczenie.drobiarze.pl\/wp-content\/uploads\/2024\/05\/foto-6-300x113.jpg 300w, https:\/\/pochodzeniemaznaczenie.drobiarze.pl\/wp-content\/uploads\/2024\/05\/foto-6-1024x384.jpg 1024w, https:\/\/pochodzeniemaznaczenie.drobiarze.pl\/wp-content\/uploads\/2024\/05\/foto-6-768x288.jpg 768w, https:\/\/pochodzeniemaznaczenie.drobiarze.pl\/wp-content\/uploads\/2024\/05\/foto-6-1536x576.jpg 1536w\" sizes=\"(max-width: 1600px) 100vw, 1600px\" \/><\/figure>\n\n\n\n<div style=\"height:15px\" aria-hidden=\"true\" class=\"wp-block-spacer\"><\/div>\n\n\n\n<h2 class=\"wp-block-heading\"><strong>Bogactwo sk\u0142adnik\u00f3w od\u017cywczych<\/strong><\/h2>\n\n\n\n<p>Ten gatunek mi\u0119sa jest r\u00f3wnie\u017c bogatym \u017ar\u00f3d\u0142em wielu wa\u017cnych sk\u0142adnik\u00f3w od\u017cywczych, takich jak witaminy z grupy B (np. B12, niacyna), \u017celazo, cynk oraz fosfor. Te sk\u0142adniki od\u017cywcze odgrywaj\u0105 kluczow\u0105 rol\u0119 w wielu procesach metabolicznych organizmu, w tym w produkcji energii, czy wzmacnianiu odporno\u015bci.<\/p>\n\n\n\n<h2 class=\"wp-block-heading\"><strong>Zdrowe kwasy t\u0142uszczowe<\/strong><\/h2>\n\n\n\n<p>Mi\u0119so drobiowe zawiera r\u00f3wnie\u017c zdrowe kwasy t\u0142uszczowe omega-3 i omega-6, kt\u00f3re wspieraj\u0105 funkcjonowanie serca i m\u00f3zgu. Odpowiednia proporcja tych kwas\u00f3w t\u0142uszczowych w diecie mo\u017ce pom\u00f3c w obni\u017ceniu poziomu cholesterolu i zmniejszeniu ryzyka chor\u00f3b sercowo-naczyniowych.<\/p>\n\n\n\n<h2 class=\"wp-block-heading\"><strong>\u0141atwo\u015b\u0107 w przygotowaniu<\/strong><\/h2>\n\n\n\n<p>Dr\u00f3b jest niezwykle \u0142atwy w przygotowaniu i mo\u017ce by\u0107 spo\u017cywany na wiele r\u00f3\u017cnych sposob\u00f3w \u2014 mo\u017cemy serwowa\u0107 go po uprzednim zgrillowaniu, ugotowaniu, upieczeniu czy usma\u017ceniu. W\u0142a\u015bnie dlatego, polskie mi\u0119so drobiowe stanowi idealny produkt spo\u017cywczy dla os\u00f3b prowadz\u0105cych aktywny tryb \u017cycia, kt\u00f3re szukaj\u0105 sposobu na przygotowanie szybkich i zdrowych posi\u0142k\u00f3w.<\/p>\n\n\n\n<p>Podsumowuj\u0105c, regularne spo\u017cywanie drobiu polskiego pochodzenia mo\u017ce przyczyni\u0107 si\u0119 do utrzymania lub poprawy og\u00f3lnego stanu zdrowia.<\/p>\n","protected":false},"excerpt":{"rendered":"<p>Polskie mi\u0119so drobiowe jest cenione nie tylko za swoj\u0105 wyj\u0105tkow\u0105 jako\u015b\u0107 i smak, ale tak\u017ce zaswoje liczne walory prozdrowotne. Oto kilka kluczowych korzy\u015bci zdrowotnych p\u0142yn\u0105cych ze spo\u017cywania polskiego drobiu: Niski poziom t\u0142uszczu Mi\u0119so drobiowe charakteryzuje si\u0119 stosunkowo nisk\u0105 zawarto\u015bci\u0105 t\u0142uszczu w por\u00f3wnaniu do mi\u0119s czerwonych, co czyni je atrakcyjnym wyborem dla os\u00f3b dbaj\u0105cych o zdrowe [&hellip;]<\/p>\n","protected":false},"author":1,"featured_media":0,"parent":0,"menu_order":0,"comment_status":"closed","ping_status":"closed","template":"","meta":{"footnotes":""},"aioseo_notices":[],"_links":{"self":[{"href":"https:\/\/pochodzeniemaznaczenie.drobiarze.pl\/index.php\/wp-json\/wp\/v2\/pages\/79"}],"collection":[{"href":"https:\/\/pochodzeniemaznaczenie.drobiarze.pl\/index.php\/wp-json\/wp\/v2\/pages"}],"about":[{"href":"https:\/\/pochodzeniemaznaczenie.drobiarze.pl\/index.php\/wp-json\/wp\/v2\/types\/page"}],"author":[{"embeddable":true,"href":"https:\/\/pochodzeniemaznaczenie.drobiarze.pl\/index.php\/wp-json\/wp\/v2\/users\/1"}],"replies":[{"embeddable":true,"href":"https:\/\/pochodzeniemaznaczenie.drobiarze.pl\/index.php\/wp-json\/wp\/v2\/comments?post=79"}],"version-history":[{"count":6,"href":"https:\/\/pochodzeniemaznaczenie.drobiarze.pl\/index.php\/wp-json\/wp\/v2\/pages\/79\/revisions"}],"predecessor-version":[{"id":314,"href":"https:\/\/pochodzeniemaznaczenie.drobiarze.pl\/index.php\/wp-json\/wp\/v2\/pages\/79\/revisions\/314"}],"wp:attachment":[{"href":"https:\/\/pochodzeniemaznaczenie.drobiarze.pl\/index.php\/wp-json\/wp\/v2\/media?parent=79"}],"curies":[{"name":"wp","href":"https:\/\/api.w.org\/{rel}","templated":true}]}}