{"id":75,"date":"2024-05-21T12:02:12","date_gmt":"2024-05-21T10:02:12","guid":{"rendered":"https:\/\/pochodzeniemaznaczenie.pl\/?page_id=75"},"modified":"2024-05-22T01:50:37","modified_gmt":"2024-05-21T23:50:37","slug":"restrykcje-i-normy-przy-produkcji-polskiego-drobiu","status":"publish","type":"page","link":"https:\/\/pochodzeniemaznaczenie.drobiarze.pl\/index.php\/restrykcje-i-normy-przy-produkcji-polskiego-drobiu\/","title":{"rendered":"Restrykcje i normy przy produkcji polskiego drobiu"},"content":{"rendered":"\n<p class=\"has-white-color has-vivid-red-background-color has-text-color has-background has-link-color wp-elements-4267422f83ffafcf5b44beddf8cfbdef\"><strong>W naszym kraju od lat obowi\u0105zuj\u0105 surowe przepisy dotycz\u0105ce produkcji mi\u0119sa drobiowego, kt\u00f3re maj\u0105 na celu zapewnienie wysokich standard\u00f3w bezpiecze\u0144stwa \u017cywno\u015bci, ochrony zdrowia zwierz\u0105t oraz jako\u015bci produkt\u00f3w.<\/strong><\/p>\n\n\n\n<p>Oto kilka g\u0142\u00f3wnych restrykcji dotycz\u0105cych produkcji mi\u0119sa drobiowego w Polsce:<\/p>\n\n\n\n<h3 class=\"wp-block-heading\"><strong>\u015awiadectwa zdrowia zwierz\u0105t<\/strong><\/h3>\n\n\n\n<p>Hodowcy i producenci mi\u0119sa drobiowego musz\u0105 przestrzega\u0107 przepis\u00f3w dotycz\u0105cych zdrowia i dobrostanu zwierz\u0105t. Zdrowe zwierz\u0119ta s\u0105 podstaw\u0105 dla bezpiecznej produkcji mi\u0119sa.<\/p>\n\n\n\n<h3 class=\"wp-block-heading\"><strong>Przepisy dotycz\u0105ce stosowania antybiotyk\u00f3w<\/strong><\/h3>\n\n\n\n<p>Istniej\u0105 restrykcje dotycz\u0105ce stosowania antybiotyk\u00f3w w hodowli drobiu, aby zapobiec nadmiernemu wykorzystaniu i rozwijaniu lekooporno\u015bci.<\/p>\n\n\n\n<div style=\"height:20px\" aria-hidden=\"true\" class=\"wp-block-spacer\"><\/div>\n\n\n\n<figure class=\"wp-block-image size-full\"><img fetchpriority=\"high\" decoding=\"async\" width=\"1600\" height=\"600\" src=\"https:\/\/pochodzeniemaznaczenie.pl\/wp-content\/uploads\/2024\/05\/foto-5.jpg\" alt=\"\" class=\"wp-image-295\" srcset=\"https:\/\/pochodzeniemaznaczenie.drobiarze.pl\/wp-content\/uploads\/2024\/05\/foto-5.jpg 1600w, https:\/\/pochodzeniemaznaczenie.drobiarze.pl\/wp-content\/uploads\/2024\/05\/foto-5-300x113.jpg 300w, https:\/\/pochodzeniemaznaczenie.drobiarze.pl\/wp-content\/uploads\/2024\/05\/foto-5-1024x384.jpg 1024w, https:\/\/pochodzeniemaznaczenie.drobiarze.pl\/wp-content\/uploads\/2024\/05\/foto-5-768x288.jpg 768w, https:\/\/pochodzeniemaznaczenie.drobiarze.pl\/wp-content\/uploads\/2024\/05\/foto-5-1536x576.jpg 1536w\" sizes=\"(max-width: 1600px) 100vw, 1600px\" \/><\/figure>\n\n\n\n<div style=\"height:20px\" aria-hidden=\"true\" class=\"wp-block-spacer\"><\/div>\n\n\n\n<h3 class=\"wp-block-heading\"><strong>Przepisy dotycz\u0105ce transportu i przechowywania:<\/strong><\/h3>\n\n\n\n<p>W naszym kraju obowi\u0105zuj\u0105 r\u00f3wnie\u017c przepisy dotycz\u0105ce transportu i przechowywania mi\u0119sa drobiowego, aby zapewni\u0107 jego \u015bwie\u017co\u015b\u0107 i bezpiecze\u0144stwo.<\/p>\n\n\n\n<p>Wszystkie wy\u017cej wymienione restrykcje maj\u0105 na celu potwierdzenie, \u017ce mi\u0119so drobiowe produkowane w Polsce jest wysokiej jako\u015bci, bezpieczne do spo\u017cycia i zgodne z normami zdrowotnymi i \u015brodowiskowymi.<\/p>\n","protected":false},"excerpt":{"rendered":"<p>W naszym kraju od lat obowi\u0105zuj\u0105 surowe przepisy dotycz\u0105ce produkcji mi\u0119sa drobiowego, kt\u00f3re maj\u0105 na celu zapewnienie wysokich standard\u00f3w bezpiecze\u0144stwa \u017cywno\u015bci, ochrony zdrowia zwierz\u0105t oraz jako\u015bci produkt\u00f3w. Oto kilka g\u0142\u00f3wnych restrykcji dotycz\u0105cych produkcji mi\u0119sa drobiowego w Polsce: \u015awiadectwa zdrowia zwierz\u0105t Hodowcy i producenci mi\u0119sa drobiowego musz\u0105 przestrzega\u0107 przepis\u00f3w dotycz\u0105cych zdrowia i dobrostanu zwierz\u0105t. Zdrowe zwierz\u0119ta [&hellip;]<\/p>\n","protected":false},"author":1,"featured_media":0,"parent":0,"menu_order":0,"comment_status":"closed","ping_status":"closed","template":"","meta":{"footnotes":""},"aioseo_notices":[],"_links":{"self":[{"href":"https:\/\/pochodzeniemaznaczenie.drobiarze.pl\/index.php\/wp-json\/wp\/v2\/pages\/75"}],"collection":[{"href":"https:\/\/pochodzeniemaznaczenie.drobiarze.pl\/index.php\/wp-json\/wp\/v2\/pages"}],"about":[{"href":"https:\/\/pochodzeniemaznaczenie.drobiarze.pl\/index.php\/wp-json\/wp\/v2\/types\/page"}],"author":[{"embeddable":true,"href":"https:\/\/pochodzeniemaznaczenie.drobiarze.pl\/index.php\/wp-json\/wp\/v2\/users\/1"}],"replies":[{"embeddable":true,"href":"https:\/\/pochodzeniemaznaczenie.drobiarze.pl\/index.php\/wp-json\/wp\/v2\/comments?post=75"}],"version-history":[{"count":9,"href":"https:\/\/pochodzeniemaznaczenie.drobiarze.pl\/index.php\/wp-json\/wp\/v2\/pages\/75\/revisions"}],"predecessor-version":[{"id":306,"href":"https:\/\/pochodzeniemaznaczenie.drobiarze.pl\/index.php\/wp-json\/wp\/v2\/pages\/75\/revisions\/306"}],"wp:attachment":[{"href":"https:\/\/pochodzeniemaznaczenie.drobiarze.pl\/index.php\/wp-json\/wp\/v2\/media?parent=75"}],"curies":[{"name":"wp","href":"https:\/\/api.w.org\/{rel}","templated":true}]}}