{"id":71,"date":"2024-05-21T12:00:49","date_gmt":"2024-05-21T10:00:49","guid":{"rendered":"https:\/\/pochodzeniemaznaczenie.pl\/?page_id=71"},"modified":"2024-05-22T00:49:54","modified_gmt":"2024-05-21T22:49:54","slug":"produkcja-drobiu-w-polsce","status":"publish","type":"page","link":"https:\/\/pochodzeniemaznaczenie.drobiarze.pl\/index.php\/produkcja-drobiu-w-polsce\/","title":{"rendered":"Produkcja drobiu w Polsce"},"content":{"rendered":"\n<h2 class=\"wp-block-heading\"><strong>Bezpiecze\u0144stwo i Jako\u015b\u0107:<\/strong><\/h2>\n\n\n\n<div class=\"wp-block-columns is-layout-flex wp-container-core-columns-is-layout-1 wp-block-columns-is-layout-flex\">\n<div class=\"wp-block-column is-layout-flow wp-block-column-is-layout-flow\" style=\"flex-basis:66.66%\">\n<p>Polska od wielu lat jest liderem w\u015br\u00f3d producent\u00f3w mi\u0119sa drobiowego w Unii Europejskiej, a sam przemys\u0142 drobiarski odgrywa kluczow\u0105 rol\u0119 w krajowym sektorze rolnictwa. Produkcja drobiu w Polsce to skomplikowany proces, kt\u00f3ry wymaga przestrzegania licznych restrykcji, kontroli i norm. Dzi\u0119ki rygorystycznym przepisom, konsumenci spo\u017cywaj\u0105cy polski dr\u00f3b, otrzymuj\u0105 mi\u0119so drobiowe najwy\u017cszej jako\u015bci, ca\u0142kowicie bezpieczne dla ich zdrowia. Dlatego ci\u0105g\u0142e udoskonalanie system\u00f3w kontroli i nadzoru jest kluczowe dla utrzymania mi\u0119dzynarodowej opinii, \u017ce Polska jest postrzegana jako producent bezpiecznej \u017cywno\u015bci.<\/p>\n<\/div>\n\n\n\n<div class=\"wp-block-column is-layout-flow wp-block-column-is-layout-flow\" style=\"flex-basis:33.33%\">\n<figure class=\"wp-block-image size-large\"><img fetchpriority=\"high\" decoding=\"async\" width=\"1024\" height=\"1024\" src=\"https:\/\/pochodzeniemaznaczenie.pl\/wp-content\/uploads\/2024\/05\/foto-4-1024x1024.jpg\" alt=\"\" class=\"wp-image-264\" srcset=\"https:\/\/pochodzeniemaznaczenie.drobiarze.pl\/wp-content\/uploads\/2024\/05\/foto-4-1024x1024.jpg 1024w, https:\/\/pochodzeniemaznaczenie.drobiarze.pl\/wp-content\/uploads\/2024\/05\/foto-4-300x300.jpg 300w, https:\/\/pochodzeniemaznaczenie.drobiarze.pl\/wp-content\/uploads\/2024\/05\/foto-4-150x150.jpg 150w, https:\/\/pochodzeniemaznaczenie.drobiarze.pl\/wp-content\/uploads\/2024\/05\/foto-4-768x768.jpg 768w, https:\/\/pochodzeniemaznaczenie.drobiarze.pl\/wp-content\/uploads\/2024\/05\/foto-4.jpg 1200w\" sizes=\"(max-width: 1024px) 100vw, 1024px\" \/><\/figure>\n<\/div>\n<\/div>\n","protected":false},"excerpt":{"rendered":"<p>Bezpiecze\u0144stwo i Jako\u015b\u0107: Polska od wielu lat jest liderem w\u015br\u00f3d producent\u00f3w mi\u0119sa drobiowego w Unii Europejskiej, a sam przemys\u0142 drobiarski odgrywa kluczow\u0105 rol\u0119 w krajowym sektorze rolnictwa. Produkcja drobiu w Polsce to skomplikowany proces, kt\u00f3ry wymaga przestrzegania licznych restrykcji, kontroli i norm. Dzi\u0119ki rygorystycznym przepisom, konsumenci spo\u017cywaj\u0105cy polski dr\u00f3b, otrzymuj\u0105 mi\u0119so drobiowe najwy\u017cszej jako\u015bci, ca\u0142kowicie [&hellip;]<\/p>\n","protected":false},"author":1,"featured_media":0,"parent":0,"menu_order":0,"comment_status":"closed","ping_status":"closed","template":"","meta":{"footnotes":""},"aioseo_notices":[],"_links":{"self":[{"href":"https:\/\/pochodzeniemaznaczenie.drobiarze.pl\/index.php\/wp-json\/wp\/v2\/pages\/71"}],"collection":[{"href":"https:\/\/pochodzeniemaznaczenie.drobiarze.pl\/index.php\/wp-json\/wp\/v2\/pages"}],"about":[{"href":"https:\/\/pochodzeniemaznaczenie.drobiarze.pl\/index.php\/wp-json\/wp\/v2\/types\/page"}],"author":[{"embeddable":true,"href":"https:\/\/pochodzeniemaznaczenie.drobiarze.pl\/index.php\/wp-json\/wp\/v2\/users\/1"}],"replies":[{"embeddable":true,"href":"https:\/\/pochodzeniemaznaczenie.drobiarze.pl\/index.php\/wp-json\/wp\/v2\/comments?post=71"}],"version-history":[{"count":7,"href":"https:\/\/pochodzeniemaznaczenie.drobiarze.pl\/index.php\/wp-json\/wp\/v2\/pages\/71\/revisions"}],"predecessor-version":[{"id":268,"href":"https:\/\/pochodzeniemaznaczenie.drobiarze.pl\/index.php\/wp-json\/wp\/v2\/pages\/71\/revisions\/268"}],"wp:attachment":[{"href":"https:\/\/pochodzeniemaznaczenie.drobiarze.pl\/index.php\/wp-json\/wp\/v2\/media?parent=71"}],"curies":[{"name":"wp","href":"https:\/\/api.w.org\/{rel}","templated":true}]}}